{"id":10,"date":"2018-11-26T12:47:06","date_gmt":"2018-11-26T12:47:06","guid":{"rendered":"http:\/\/www.jonathan-figueroa.com\/contact\/"},"modified":"2022-08-31T15:08:15","modified_gmt":"2022-08-31T15:08:15","slug":"contacto","status":"publish","type":"page","link":"https:\/\/www.jonathan-figueroa.com\/en\/contacto\/","title":{"rendered":"Contact"},"content":{"rendered":"\t\t<div data-elementor-type=\"wp-post\" data-elementor-id=\"10\" class=\"elementor elementor-10\">\n\t\t\t\t\t\t<section class=\"elementor-section elementor-top-section elementor-element elementor-element-797db47 elementor-section-content-middle elementor-section-boxed elementor-section-height-default elementor-section-height-default\" data-id=\"797db47\" data-element_type=\"section\" data-e-type=\"section\" data-settings=\"{&quot;background_background&quot;:&quot;classic&quot;}\">\n\t\t\t\t\t\t\t<div class=\"elementor-background-overlay\"><\/div>\n\t\t\t\t\t\t\t<div class=\"elementor-container elementor-column-gap-no\">\n\t\t\t\t\t<div class=\"elementor-column elementor-col-100 elementor-top-column elementor-element elementor-element-b15b336\" data-id=\"b15b336\" data-element_type=\"column\" data-e-type=\"column\">\n\t\t\t<div class=\"elementor-widget-wrap elementor-element-populated\">\n\t\t\t\t\t\t<div class=\"elementor-element elementor-element-ea3c554 elementor-widget elementor-widget-heading\" data-id=\"ea3c554\" data-element_type=\"widget\" data-e-type=\"widget\" data-widget_type=\"heading.default\">\n\t\t\t\t<div class=\"elementor-widget-container\">\n\t\t\t\t\t<h1 class=\"elementor-heading-title elementor-size-default\">Contacto<\/h1>\t\t\t\t<\/div>\n\t\t\t\t<\/div>\n\t\t\t\t\t<\/div>\n\t\t<\/div>\n\t\t\t\t\t<\/div>\n\t\t<\/section>\n\t\t\t\t<section class=\"elementor-section elementor-top-section elementor-element elementor-element-3da3b63 elementor-section-content-top elementor-section-boxed elementor-section-height-default elementor-section-height-default\" data-id=\"3da3b63\" data-element_type=\"section\" data-e-type=\"section\">\n\t\t\t\t\t\t<div class=\"elementor-container elementor-column-gap-no\">\n\t\t\t\t\t<div class=\"elementor-column elementor-col-50 elementor-top-column elementor-element elementor-element-1dc7315\" data-id=\"1dc7315\" data-element_type=\"column\" data-e-type=\"column\">\n\t\t\t<div class=\"elementor-widget-wrap elementor-element-populated\">\n\t\t\t\t\t\t<div class=\"elementor-element elementor-element-84da613 elementor-widget elementor-widget-heading\" data-id=\"84da613\" data-element_type=\"widget\" data-e-type=\"widget\" data-widget_type=\"heading.default\">\n\t\t\t\t<div class=\"elementor-widget-container\">\n\t\t\t\t\t<h2 class=\"elementor-heading-title elementor-size-default\">Cont\u00e1ctanos<\/h2>\t\t\t\t<\/div>\n\t\t\t\t<\/div>\n\t\t\t\t<div class=\"elementor-element elementor-element-6b825fc elementor-widget elementor-widget-text-editor\" data-id=\"6b825fc\" data-element_type=\"widget\" data-e-type=\"widget\" data-widget_type=\"text-editor.default\">\n\t\t\t\t<div class=\"elementor-widget-container\">\n\t\t\t\t\t\t\t\t\t<p>Para mayor informaci\u00f3n en renta\/venta de partituras env\u00edanos un correo. As\u00ed tambi\u00e9n, si deseas informaci\u00f3n sobre clases particulares en l\u00ednea o alguna otra petici\u00f3n no dudes en ponerte en contacto.<\/p>\t\t\t\t\t\t\t\t<\/div>\n\t\t\t\t<\/div>\n\t\t\t\t<div class=\"elementor-element elementor-element-cd442da elementor-align-start elementor-icon-list--layout-traditional elementor-list-item-link-full_width elementor-widget elementor-widget-icon-list\" data-id=\"cd442da\" data-element_type=\"widget\" data-e-type=\"widget\" data-widget_type=\"icon-list.default\">\n\t\t\t\t<div class=\"elementor-widget-container\">\n\t\t\t\t\t\t\t<ul class=\"elementor-icon-list-items\">\n\t\t\t\t\t\t\t<li class=\"elementor-icon-list-item\">\n\t\t\t\t\t\t\t\t\t\t\t<a href=\"mailto:info@jonathan-figueroa.com\">\n\n\t\t\t\t\t\t\t\t\t\t\t\t<span class=\"elementor-icon-list-icon\">\n\t\t\t\t\t\t\t<i aria-hidden=\"true\" class=\"far fa-envelope\"><\/i>\t\t\t\t\t\t<\/span>\n\t\t\t\t\t\t\t\t\t\t<span class=\"elementor-icon-list-text\">info@jonathan-figueroa.com<\/span>\n\t\t\t\t\t\t\t\t\t\t\t<\/a>\n\t\t\t\t\t\t\t\t\t<\/li>\n\t\t\t\t\t\t<\/ul>\n\t\t\t\t\t\t<\/div>\n\t\t\t\t<\/div>\n\t\t\t\t\t<\/div>\n\t\t<\/div>\n\t\t\t\t<div class=\"elementor-column elementor-col-50 elementor-top-column elementor-element elementor-element-32c2d78\" data-id=\"32c2d78\" data-element_type=\"column\" data-e-type=\"column\">\n\t\t\t<div class=\"elementor-widget-wrap elementor-element-populated\">\n\t\t\t\t\t\t<div class=\"elementor-element elementor-element-3696d5a elementor-widget elementor-widget-shortcode\" data-id=\"3696d5a\" data-element_type=\"widget\" data-e-type=\"widget\" data-widget_type=\"shortcode.default\">\n\t\t\t\t<div class=\"elementor-widget-container\">\n\t\t\t\t\t\t\t<div class=\"elementor-shortcode\"><div class=\"wpforms-container \" id=\"wpforms-5\"><form id=\"wpforms-form-5\" class=\"wpforms-validate wpforms-form\" data-formid=\"5\" method=\"post\" enctype=\"multipart\/form-data\" action=\"\/en\/wp-json\/wp\/v2\/pages\/10\" data-token=\"8549188e62f4be93c7fc273f52630ad8\" data-token-time=\"1777817764\"><noscript class=\"wpforms-error-noscript\">Please enable JavaScript in your browser to complete this form.<\/noscript><div class=\"wpforms-field-container\"><div id=\"wpforms-5-field_0-container\" class=\"wpforms-field wpforms-field-name\" data-field-id=\"0\"><label class=\"wpforms-field-label\" for=\"wpforms-5-field_0\">Nombre <span class=\"wpforms-required-label\">*<\/span><\/label><input type=\"text\" id=\"wpforms-5-field_0\" class=\"wpforms-field-large wpforms-field-required\" name=\"wpforms[fields][0]\" required><\/div><div id=\"wpforms-5-field_1-container\" class=\"wpforms-field wpforms-field-email\" data-field-id=\"1\"><label class=\"wpforms-field-label\" for=\"wpforms-5-field_1\">Email <span class=\"wpforms-required-label\">*<\/span><\/label><input type=\"email\" id=\"wpforms-5-field_1\" class=\"wpforms-field-large wpforms-field-required\" name=\"wpforms[fields][1]\" spellcheck=\"false\" required><\/div><div id=\"wpforms-5-field_4-container\" class=\"wpforms-field wpforms-field-text\" data-field-id=\"4\"><label class=\"wpforms-field-label\" for=\"wpforms-5-field_4\">Asunto <span class=\"wpforms-required-label\">*<\/span><\/label><input type=\"text\" id=\"wpforms-5-field_4\" class=\"wpforms-field-large wpforms-field-required\" name=\"wpforms[fields][4]\" required><\/div><div id=\"wpforms-5-field_2-container\" class=\"wpforms-field wpforms-field-textarea\" data-field-id=\"2\"><label class=\"wpforms-field-label\" for=\"wpforms-5-field_2\">Mensaje <span class=\"wpforms-required-label\">*<\/span><\/label><textarea id=\"wpforms-5-field_2\" class=\"wpforms-field-large wpforms-field-required\" name=\"wpforms[fields][2]\" required><\/textarea><\/div><\/div><!-- .wpforms-field-container --><div class=\"wpforms-field wpforms-field-hp\"><label for=\"wpforms-5-field-hp\" class=\"wpforms-field-label\">Message<\/label><input type=\"text\" name=\"wpforms[hp]\" id=\"wpforms-5-field-hp\" class=\"wpforms-field-medium\"><\/div><div class=\"wpforms-recaptcha-container wpforms-is-recaptcha wpforms-is-recaptcha-type-v2\" ><div class=\"g-recaptcha\" data-sitekey=\"6LcP8CgiAAAAAPtFVzOdGj0SLGLXWsht22_CtiQQ\"><\/div><input type=\"text\" name=\"g-recaptcha-hidden\" class=\"wpforms-recaptcha-hidden\" style=\"position:absolute!important;clip:rect(0,0,0,0)!important;height:1px!important;width:1px!important;border:0!important;overflow:hidden!important;padding:0!important;margin:0!important;\" data-rule-recaptcha=\"1\"><\/div><div class=\"wpforms-submit-container\" ><input type=\"hidden\" name=\"wpforms[id]\" value=\"5\"><input type=\"hidden\" name=\"page_title\" value=\"\"><input type=\"hidden\" name=\"page_url\" value=\"https:\/\/www.jonathan-figueroa.com\/en\/wp-json\/wp\/v2\/pages\/10\"><input type=\"hidden\" name=\"url_referer\" value=\"\"><button type=\"submit\" name=\"wpforms[submit]\" id=\"wpforms-submit-5\" class=\"wpforms-submit\" data-alt-text=\"Sending...\" data-submit-text=\"Mandar mensaje\" aria-live=\"assertive\" value=\"wpforms-submit\">Mandar mensaje<\/button><\/div><\/form><\/div>  <!-- .wpforms-container -->\t<\/div>\n\t\t\t\t\t\t<\/div>\n\t\t\t\t<\/div>\n\t\t\t\t\t<\/div>\n\t\t<\/div>\n\t\t\t\t\t<\/div>\n\t\t<\/section>\n\t\t\t\t<\/div>\n\t\t","protected":false},"excerpt":{"rendered":"<p>Contacto Cont\u00e1ctanos Para mayor informaci\u00f3n en renta\/venta de partituras env\u00edanos un correo. As\u00ed tambi\u00e9n, si deseas informaci\u00f3n sobre clases particulares en l\u00ednea o alguna otra petici\u00f3n no dudes en ponerte en contacto. info@jonathan-figueroa.com<\/p>","protected":false},"author":1,"featured_media":497,"parent":0,"menu_order":0,"comment_status":"closed","ping_status":"closed","template":"","meta":{"site-sidebar-layout":"no-sidebar","site-content-layout":"page-builder","ast-site-content-layout":"default","site-content-style":"default","site-sidebar-style":"default","ast-global-header-display":"","ast-banner-title-visibility":"","ast-main-header-display":"","ast-hfb-above-header-display":"","ast-hfb-below-header-display":"","ast-hfb-mobile-header-display":"","site-post-title":"disabled","ast-breadcrumbs-content":"","ast-featured-img":"disabled","footer-sml-layout":"","ast-disable-related-posts":"","theme-transparent-header-meta":"enabled","adv-header-id-meta":"","stick-header-meta":"","header-above-stick-meta":"","header-main-stick-meta":"","header-below-stick-meta":"","astra-migrate-meta-layouts":"default","ast-page-background-enabled":"default","ast-page-background-meta":{"desktop":{"background-color":"","background-image":"","background-repeat":"repeat","background-position":"center center","background-size":"auto","background-attachment":"scroll","background-type":"","background-media":"","overlay-type":"","overlay-color":"","overlay-opacity":"","overlay-gradient":""},"tablet":{"background-color":"","background-image":"","background-repeat":"repeat","background-position":"center center","background-size":"auto","background-attachment":"scroll","background-type":"","background-media":"","overlay-type":"","overlay-color":"","overlay-opacity":"","overlay-gradient":""},"mobile":{"background-color":"","background-image":"","background-repeat":"repeat","background-position":"center center","background-size":"auto","background-attachment":"scroll","background-type":"","background-media":"","overlay-type":"","overlay-color":"","overlay-opacity":"","overlay-gradient":""}},"ast-content-background-meta":{"desktop":{"background-color":"var(--ast-global-color-5)","background-image":"","background-repeat":"repeat","background-position":"center center","background-size":"auto","background-attachment":"scroll","background-type":"","background-media":"","overlay-type":"","overlay-color":"","overlay-opacity":"","overlay-gradient":""},"tablet":{"background-color":"var(--ast-global-color-5)","background-image":"","background-repeat":"repeat","background-position":"center center","background-size":"auto","background-attachment":"scroll","background-type":"","background-media":"","overlay-type":"","overlay-color":"","overlay-opacity":"","overlay-gradient":""},"mobile":{"background-color":"var(--ast-global-color-5)","background-image":"","background-repeat":"repeat","background-position":"center center","background-size":"auto","background-attachment":"scroll","background-type":"","background-media":"","overlay-type":"","overlay-color":"","overlay-opacity":"","overlay-gradient":""}},"footnotes":""},"class_list":["post-10","page","type-page","status-publish","has-post-thumbnail","hentry"],"yoast_head":"<!-- This site is optimized with the Yoast SEO plugin v27.3 - https:\/\/yoast.com\/product\/yoast-seo-wordpress\/ -->\n<title>Jonathan Figueroa - Contacto<\/title>\n<meta name=\"description\" content=\"Jonathan Figueroa - Contacto - Para mayor informaci\u00f3n en renta\/venta de partituras env\u00edanos un correo. As\u00ed tambi\u00e9n, si deseas informaci\u00f3n sobre clases particulares en l\u00ednea o alguna otra petici\u00f3n no dudes en ponerte en contacto.\" \/>\n<meta name=\"robots\" content=\"index, follow, max-snippet:-1, max-image-preview:large, max-video-preview:-1\" \/>\n<link rel=\"canonical\" href=\"https:\/\/www.jonathan-figueroa.com\/en\/contacto\/\" \/>\n<meta property=\"og:locale\" content=\"en_US\" \/>\n<meta property=\"og:type\" content=\"article\" \/>\n<meta property=\"og:title\" content=\"Jonathan Figueroa - Contacto\" \/>\n<meta property=\"og:description\" content=\"Jonathan Figueroa - Contacto - Para mayor informaci\u00f3n en renta\/venta de partituras env\u00edanos un correo. As\u00ed tambi\u00e9n, si deseas informaci\u00f3n sobre clases particulares en l\u00ednea o alguna otra petici\u00f3n no dudes en ponerte en contacto.\" \/>\n<meta property=\"og:url\" content=\"https:\/\/www.jonathan-figueroa.com\/en\/contacto\/\" \/>\n<meta property=\"og:site_name\" content=\"Jonathan Figueroa\" \/>\n<meta property=\"article:modified_time\" content=\"2022-08-31T15:08:15+00:00\" \/>\n<meta property=\"og:image\" content=\"https:\/\/www.jonathan-figueroa.com\/wp-content\/uploads\/2022\/08\/Johan-thumbnail.jpg\" \/>\n\t<meta property=\"og:image:width\" content=\"600\" \/>\n\t<meta property=\"og:image:height\" content=\"400\" \/>\n\t<meta property=\"og:image:type\" content=\"image\/jpeg\" \/>\n<meta name=\"twitter:card\" content=\"summary_large_image\" \/>\n<meta name=\"twitter:label1\" content=\"Est. reading time\" \/>\n\t<meta name=\"twitter:data1\" content=\"1 minute\" \/>\n<script type=\"application\/ld+json\" class=\"yoast-schema-graph\">{\"@context\":\"https:\\\/\\\/schema.org\",\"@graph\":[{\"@type\":[\"WebPage\",\"ContactPage\"],\"@id\":\"https:\\\/\\\/www.jonathan-figueroa.com\\\/contacto\\\/\",\"url\":\"https:\\\/\\\/www.jonathan-figueroa.com\\\/contacto\\\/\",\"name\":\"Jonathan Figueroa - Contacto\",\"isPartOf\":{\"@id\":\"https:\\\/\\\/www.jonathan-figueroa.com\\\/#website\"},\"primaryImageOfPage\":{\"@id\":\"https:\\\/\\\/www.jonathan-figueroa.com\\\/contacto\\\/#primaryimage\"},\"image\":{\"@id\":\"https:\\\/\\\/www.jonathan-figueroa.com\\\/contacto\\\/#primaryimage\"},\"thumbnailUrl\":\"https:\\\/\\\/www.jonathan-figueroa.com\\\/wp-content\\\/uploads\\\/2018\\\/11\\\/Johan-163-scaled.jpg\",\"datePublished\":\"2018-11-26T12:47:06+00:00\",\"dateModified\":\"2022-08-31T15:08:15+00:00\",\"description\":\"Jonathan Figueroa - Contacto - Para mayor informaci\u00f3n en renta\\\/venta de partituras env\u00edanos un correo. As\u00ed tambi\u00e9n, si deseas informaci\u00f3n sobre clases particulares en l\u00ednea o alguna otra petici\u00f3n no dudes en ponerte en contacto.\",\"breadcrumb\":{\"@id\":\"https:\\\/\\\/www.jonathan-figueroa.com\\\/contacto\\\/#breadcrumb\"},\"inLanguage\":\"en-US\",\"potentialAction\":[{\"@type\":\"ReadAction\",\"target\":[\"https:\\\/\\\/www.jonathan-figueroa.com\\\/contacto\\\/\"]}]},{\"@type\":\"ImageObject\",\"inLanguage\":\"en-US\",\"@id\":\"https:\\\/\\\/www.jonathan-figueroa.com\\\/contacto\\\/#primaryimage\",\"url\":\"https:\\\/\\\/www.jonathan-figueroa.com\\\/wp-content\\\/uploads\\\/2018\\\/11\\\/Johan-163-scaled.jpg\",\"contentUrl\":\"https:\\\/\\\/www.jonathan-figueroa.com\\\/wp-content\\\/uploads\\\/2018\\\/11\\\/Johan-163-scaled.jpg\",\"width\":2560,\"height\":1707},{\"@type\":\"BreadcrumbList\",\"@id\":\"https:\\\/\\\/www.jonathan-figueroa.com\\\/contacto\\\/#breadcrumb\",\"itemListElement\":[{\"@type\":\"ListItem\",\"position\":1,\"name\":\"Portada\",\"item\":\"https:\\\/\\\/www.jonathan-figueroa.com\\\/\"},{\"@type\":\"ListItem\",\"position\":2,\"name\":\"Contacto\"}]},{\"@type\":\"WebSite\",\"@id\":\"https:\\\/\\\/www.jonathan-figueroa.com\\\/#website\",\"url\":\"https:\\\/\\\/www.jonathan-figueroa.com\\\/\",\"name\":\"Jonathan Figueroa\",\"description\":\"Compositor\",\"publisher\":{\"@id\":\"https:\\\/\\\/www.jonathan-figueroa.com\\\/#\\\/schema\\\/person\\\/e1c17f47f360c0ff4c3a63270e21f907\"},\"potentialAction\":[{\"@type\":\"SearchAction\",\"target\":{\"@type\":\"EntryPoint\",\"urlTemplate\":\"https:\\\/\\\/www.jonathan-figueroa.com\\\/?s={search_term_string}\"},\"query-input\":{\"@type\":\"PropertyValueSpecification\",\"valueRequired\":true,\"valueName\":\"search_term_string\"}}],\"inLanguage\":\"en-US\"},{\"@type\":[\"Person\",\"Organization\"],\"@id\":\"https:\\\/\\\/www.jonathan-figueroa.com\\\/#\\\/schema\\\/person\\\/e1c17f47f360c0ff4c3a63270e21f907\",\"name\":\"Jonathan Figueroa\",\"image\":{\"@type\":\"ImageObject\",\"inLanguage\":\"en-US\",\"@id\":\"https:\\\/\\\/secure.gravatar.com\\\/avatar\\\/dd7098a7fe0fa137f747c5f33530782cd93d645539d95925d5e5534d91567a59?s=96&d=mm&r=g\",\"url\":\"https:\\\/\\\/secure.gravatar.com\\\/avatar\\\/dd7098a7fe0fa137f747c5f33530782cd93d645539d95925d5e5534d91567a59?s=96&d=mm&r=g\",\"contentUrl\":\"https:\\\/\\\/secure.gravatar.com\\\/avatar\\\/dd7098a7fe0fa137f747c5f33530782cd93d645539d95925d5e5534d91567a59?s=96&d=mm&r=g\",\"caption\":\"Jonathan Figueroa\"},\"logo\":{\"@id\":\"https:\\\/\\\/secure.gravatar.com\\\/avatar\\\/dd7098a7fe0fa137f747c5f33530782cd93d645539d95925d5e5534d91567a59?s=96&d=mm&r=g\"},\"sameAs\":[\"http:\\\/\\\/www.jonathan-figueroa.com\"]}]}<\/script>\n<!-- \/ Yoast SEO plugin. -->","yoast_head_json":{"title":"Jonathan Figueroa - Contacto","description":"Jonathan Figueroa - Contacto - Para mayor informaci\u00f3n en renta\/venta de partituras env\u00edanos un correo. As\u00ed tambi\u00e9n, si deseas informaci\u00f3n sobre clases particulares en l\u00ednea o alguna otra petici\u00f3n no dudes en ponerte en contacto.","robots":{"index":"index","follow":"follow","max-snippet":"max-snippet:-1","max-image-preview":"max-image-preview:large","max-video-preview":"max-video-preview:-1"},"canonical":"https:\/\/www.jonathan-figueroa.com\/en\/contacto\/","og_locale":"en_US","og_type":"article","og_title":"Jonathan Figueroa - Contacto","og_description":"Jonathan Figueroa - Contacto - Para mayor informaci\u00f3n en renta\/venta de partituras env\u00edanos un correo. As\u00ed tambi\u00e9n, si deseas informaci\u00f3n sobre clases particulares en l\u00ednea o alguna otra petici\u00f3n no dudes en ponerte en contacto.","og_url":"https:\/\/www.jonathan-figueroa.com\/en\/contacto\/","og_site_name":"Jonathan Figueroa","article_modified_time":"2022-08-31T15:08:15+00:00","og_image":[{"width":600,"height":400,"url":"https:\/\/www.jonathan-figueroa.com\/wp-content\/uploads\/2022\/08\/Johan-thumbnail.jpg","type":"image\/jpeg"}],"twitter_card":"summary_large_image","twitter_misc":{"Est. reading time":"1 minute"},"schema":{"@context":"https:\/\/schema.org","@graph":[{"@type":["WebPage","ContactPage"],"@id":"https:\/\/www.jonathan-figueroa.com\/contacto\/","url":"https:\/\/www.jonathan-figueroa.com\/contacto\/","name":"Jonathan Figueroa - Contacto","isPartOf":{"@id":"https:\/\/www.jonathan-figueroa.com\/#website"},"primaryImageOfPage":{"@id":"https:\/\/www.jonathan-figueroa.com\/contacto\/#primaryimage"},"image":{"@id":"https:\/\/www.jonathan-figueroa.com\/contacto\/#primaryimage"},"thumbnailUrl":"https:\/\/www.jonathan-figueroa.com\/wp-content\/uploads\/2018\/11\/Johan-163-scaled.jpg","datePublished":"2018-11-26T12:47:06+00:00","dateModified":"2022-08-31T15:08:15+00:00","description":"Jonathan Figueroa - Contacto - Para mayor informaci\u00f3n en renta\/venta de partituras env\u00edanos un correo. As\u00ed tambi\u00e9n, si deseas informaci\u00f3n sobre clases particulares en l\u00ednea o alguna otra petici\u00f3n no dudes en ponerte en contacto.","breadcrumb":{"@id":"https:\/\/www.jonathan-figueroa.com\/contacto\/#breadcrumb"},"inLanguage":"en-US","potentialAction":[{"@type":"ReadAction","target":["https:\/\/www.jonathan-figueroa.com\/contacto\/"]}]},{"@type":"ImageObject","inLanguage":"en-US","@id":"https:\/\/www.jonathan-figueroa.com\/contacto\/#primaryimage","url":"https:\/\/www.jonathan-figueroa.com\/wp-content\/uploads\/2018\/11\/Johan-163-scaled.jpg","contentUrl":"https:\/\/www.jonathan-figueroa.com\/wp-content\/uploads\/2018\/11\/Johan-163-scaled.jpg","width":2560,"height":1707},{"@type":"BreadcrumbList","@id":"https:\/\/www.jonathan-figueroa.com\/contacto\/#breadcrumb","itemListElement":[{"@type":"ListItem","position":1,"name":"Portada","item":"https:\/\/www.jonathan-figueroa.com\/"},{"@type":"ListItem","position":2,"name":"Contacto"}]},{"@type":"WebSite","@id":"https:\/\/www.jonathan-figueroa.com\/#website","url":"https:\/\/www.jonathan-figueroa.com\/","name":"Jonathan Figueroa","description":"Composer","publisher":{"@id":"https:\/\/www.jonathan-figueroa.com\/#\/schema\/person\/e1c17f47f360c0ff4c3a63270e21f907"},"potentialAction":[{"@type":"SearchAction","target":{"@type":"EntryPoint","urlTemplate":"https:\/\/www.jonathan-figueroa.com\/?s={search_term_string}"},"query-input":{"@type":"PropertyValueSpecification","valueRequired":true,"valueName":"search_term_string"}}],"inLanguage":"en-US"},{"@type":["Person","Organization"],"@id":"https:\/\/www.jonathan-figueroa.com\/#\/schema\/person\/e1c17f47f360c0ff4c3a63270e21f907","name":"Jonathan Figueroa","image":{"@type":"ImageObject","inLanguage":"en-US","@id":"https:\/\/secure.gravatar.com\/avatar\/dd7098a7fe0fa137f747c5f33530782cd93d645539d95925d5e5534d91567a59?s=96&d=mm&r=g","url":"https:\/\/secure.gravatar.com\/avatar\/dd7098a7fe0fa137f747c5f33530782cd93d645539d95925d5e5534d91567a59?s=96&d=mm&r=g","contentUrl":"https:\/\/secure.gravatar.com\/avatar\/dd7098a7fe0fa137f747c5f33530782cd93d645539d95925d5e5534d91567a59?s=96&d=mm&r=g","caption":"Jonathan Figueroa"},"logo":{"@id":"https:\/\/secure.gravatar.com\/avatar\/dd7098a7fe0fa137f747c5f33530782cd93d645539d95925d5e5534d91567a59?s=96&d=mm&r=g"},"sameAs":["http:\/\/www.jonathan-figueroa.com"]}]}},"_links":{"self":[{"href":"https:\/\/www.jonathan-figueroa.com\/en\/wp-json\/wp\/v2\/pages\/10","targetHints":{"allow":["GET"]}}],"collection":[{"href":"https:\/\/www.jonathan-figueroa.com\/en\/wp-json\/wp\/v2\/pages"}],"about":[{"href":"https:\/\/www.jonathan-figueroa.com\/en\/wp-json\/wp\/v2\/types\/page"}],"author":[{"embeddable":true,"href":"https:\/\/www.jonathan-figueroa.com\/en\/wp-json\/wp\/v2\/users\/1"}],"replies":[{"embeddable":true,"href":"https:\/\/www.jonathan-figueroa.com\/en\/wp-json\/wp\/v2\/comments?post=10"}],"version-history":[{"count":26,"href":"https:\/\/www.jonathan-figueroa.com\/en\/wp-json\/wp\/v2\/pages\/10\/revisions"}],"predecessor-version":[{"id":985,"href":"https:\/\/www.jonathan-figueroa.com\/en\/wp-json\/wp\/v2\/pages\/10\/revisions\/985"}],"wp:featuredmedia":[{"embeddable":true,"href":"https:\/\/www.jonathan-figueroa.com\/en\/wp-json\/wp\/v2\/media\/497"}],"wp:attachment":[{"href":"https:\/\/www.jonathan-figueroa.com\/en\/wp-json\/wp\/v2\/media?parent=10"}],"curies":[{"name":"wp","href":"https:\/\/api.w.org\/{rel}","templated":true}]}}